{"id":754,"date":"2023-12-09T00:03:24","date_gmt":"2023-12-09T00:03:24","guid":{"rendered":"http:\/\/www.umbv.edu.ve\/?page_id=754"},"modified":"2024-11-26T16:10:20","modified_gmt":"2024-11-26T16:10:20","slug":"identidad","status":"publish","type":"page","link":"http:\/\/www.umbv.edu.ve\/?page_id=754","title":{"rendered":"Identidad"},"content":{"rendered":"\t\t<div data-elementor-type=\"wp-page\" data-elementor-id=\"754\" class=\"elementor elementor-754\">\n\t\t\t\t<div class=\"elementor-element elementor-element-c7a9204 e-flex e-con-boxed wpr-particle-no wpr-jarallax-no wpr-parallax-no wpr-sticky-section-no e-con e-parent\" data-id=\"c7a9204\" data-element_type=\"container\" data-e-type=\"container\">\n\t\t\t\t\t<div class=\"e-con-inner\">\n\t\t\t\t<div class=\"elementor-element elementor-element-4440278 elementor-widget elementor-widget-heading\" data-id=\"4440278\" data-element_type=\"widget\" data-e-type=\"widget\" data-widget_type=\"heading.default\">\n\t\t\t\t<div class=\"elementor-widget-container\">\n\t\t\t\t\t<h3 class=\"elementor-heading-title elementor-size-default\">IDENTIDAD <\/h3>\t\t\t\t<\/div>\n\t\t\t\t<\/div>\n\t\t\t\t\t<\/div>\n\t\t\t\t<\/div>\n\t\t<div class=\"elementor-element elementor-element-4ac793c e-flex e-con-boxed wpr-particle-no wpr-jarallax-no wpr-parallax-no wpr-sticky-section-no e-con e-parent\" data-id=\"4ac793c\" data-element_type=\"container\" data-e-type=\"container\">\n\t\t\t\t\t<div class=\"e-con-inner\">\n\t\t<div class=\"elementor-element elementor-element-d271b81 e-con-full e-flex wpr-particle-no wpr-jarallax-no wpr-parallax-no wpr-sticky-section-no e-con e-child\" data-id=\"d271b81\" data-element_type=\"container\" data-e-type=\"container\">\n\t\t\t\t<div class=\"elementor-element elementor-element-c220336 elementor-widget elementor-widget-heading\" data-id=\"c220336\" data-element_type=\"widget\" data-e-type=\"widget\" data-widget_type=\"heading.default\">\n\t\t\t\t<div class=\"elementor-widget-container\">\n\t\t\t\t\t<h5 class=\"elementor-heading-title elementor-size-default\">HER\u00c1LDICA DEL ESCUDO DE LA UNIVERSIDAD MILITAR BOLIVARIANA DE VENEZUELA<\/h5>\t\t\t\t<\/div>\n\t\t\t\t<\/div>\n\t\t\t\t<div class=\"elementor-element elementor-element-bec1ac5 elementor-widget elementor-widget-text-editor\" data-id=\"bec1ac5\" data-element_type=\"widget\" data-e-type=\"widget\" data-widget_type=\"text-editor.default\">\n\t\t\t\t<div class=\"elementor-widget-container\">\n\t\t\t\t\t\t\t\t\t<div align=\"justify\">\u00a0 \u00a0 El escudo de la Universidad Bolivariana de Venezuela, es de forma ovalada, policromado y esmaltado. En la bordura que protege el campo del escudo, podemos leer Universidad Mlitar Bolivariana de Venezuela, junto a la fecha 3.9.1810 para indicar el bicentenario de su fundaci\u00f3n, 200 a\u00f1os. Para darle mayor fortaleza y protecci\u00f3n al escudo, se cierra, con una filera de esmalte azul ultramor y cobalto, protegiendo la bordedura.<\/div><p>\u00a0<\/p><div align=\"justify\">\u00a0 \u00a0 \u00a0En el campo o todo el escudo, se distinguen ocho estrellas en el firmamento, s\u00edmbolo de las provincias que firmaron el Acta de Independencia de Venezuela el 5 de julio de 1811, una silueta del mapa de Venezuela en color blanco y emergiendo de las nubes el Libertador Sim\u00f3n Bol\u00edvar.<\/div><p>\u00a0<\/p><div align=\"justify\">\u00a0 \u00a0 En el centro del escudo, los s\u00edmbolos de la Patria: la Bandera, el Escudo, y el Himno Nacional. Un conjunto de lanzasabor\u00edgnes y en el centro la lanza llanera. Un manojo con las seis banderas de los pa\u00edses bolivarianos: Venezuela, Colombia, Ecuador, Per\u00fa Bolivia y Panam\u00e1, la obra del Libertador, flanqueados por sus seis fusiles con bayonetas caladas.<\/div><p>\u00a0<\/p><div align=\"justify\">\u00a0 \u00a0 \u00a0En el horizonte, al fondo, el pasaije venezolano con la cordillera Andina, los llanos, los tepuyes y el Chur\u00fan Mer\u00fa. En la faja inferior, con fondo de una vegetaci\u00f3n xer\u00f3fila, un libro aberto que representa la educaci\u00f3n y que contiene el pasado, el presente y el futuro.<\/div><p>\u00a0<\/p><div align=\"justify\">\u00a0 \u00a0 Tres libros como base: el primero representa la Historia, esmaltado en color amarillo; el segundolibro representa la Constituci\u00f3n de la Rep\u00fablica Bolivariana de Venezuela, en esmalte azul; y como tercero, un libro en esmalterojo, que representa las Leye de la Rep\u00fablica.<\/div><p>\u00a0<\/p><div align=\"justify\">\u00a0 \u00a0 \u00a0En la punta del escudo, una antorcha como fuego l\u00edrico-sagrado que ilumina el camino y el faro de luz de las generaciones pasadas y futuras.<\/div><div align=\"justify\">\u00a0<\/div><p><strong>\u00a0 \u00a0 \u00a0El escudo es un fragmento de la obra del Prof. Chep\u00edn L\u00f3pez, que se encuentra en el Sal\u00f3n de Banderas de la Academia Militar del Ej\u00e9rcito Bolibariano.<\/strong><\/p><p>\u00a0<\/p>\t\t\t\t\t\t\t\t<\/div>\n\t\t\t\t<\/div>\n\t\t\t\t<\/div>\n\t\t<div class=\"elementor-element elementor-element-e933fae e-con-full e-flex wpr-particle-no wpr-jarallax-no wpr-parallax-no wpr-sticky-section-no e-con e-child\" data-id=\"e933fae\" data-element_type=\"container\" data-e-type=\"container\">\n\t\t\t\t<div class=\"elementor-element elementor-element-8fc3970 elementor-widget elementor-widget-heading\" data-id=\"8fc3970\" data-element_type=\"widget\" data-e-type=\"widget\" data-widget_type=\"heading.default\">\n\t\t\t\t<div class=\"elementor-widget-container\">\n\t\t\t\t\t<h6 class=\"elementor-heading-title elementor-size-default\">ESCUDO DE LA UNIVERSIDAD MILITAR BOLIVARIANA DE VENEZUELA<\/h6>\t\t\t\t<\/div>\n\t\t\t\t<\/div>\n\t\t\t\t<div class=\"elementor-element elementor-element-1c3d3e2 elementor-widget elementor-widget-image\" data-id=\"1c3d3e2\" data-element_type=\"widget\" data-e-type=\"widget\" data-widget_type=\"image.default\">\n\t\t\t\t<div class=\"elementor-widget-container\">\n\t\t\t\t\t\t\t\t\t\t\t\t\t\t\t<img fetchpriority=\"high\" decoding=\"async\" width=\"768\" height=\"1146\" src=\"http:\/\/www.umbv.edu.ve\/wp-content\/uploads\/2023\/12\/UMBV-Original-768x1146.png\" class=\"attachment-medium_large size-medium_large wp-image-1810\" alt=\"\" srcset=\"http:\/\/www.umbv.edu.ve\/wp-content\/uploads\/2023\/12\/UMBV-Original-768x1146.png 768w, http:\/\/www.umbv.edu.ve\/wp-content\/uploads\/2023\/12\/UMBV-Original-201x300.png 201w, http:\/\/www.umbv.edu.ve\/wp-content\/uploads\/2023\/12\/UMBV-Original-686x1024.png 686w, http:\/\/www.umbv.edu.ve\/wp-content\/uploads\/2023\/12\/UMBV-Original-1030x1536.png 1030w, http:\/\/www.umbv.edu.ve\/wp-content\/uploads\/2023\/12\/UMBV-Original-1373x2048.png 1373w\" sizes=\"(max-width: 768px) 100vw, 768px\" \/>\t\t\t\t\t\t\t\t\t\t\t\t\t\t\t<\/div>\n\t\t\t\t<\/div>\n\t\t\t\t<div class=\"elementor-element elementor-element-77f05be elementor-widget elementor-widget-heading\" data-id=\"77f05be\" data-element_type=\"widget\" data-e-type=\"widget\" data-widget_type=\"heading.default\">\n\t\t\t\t<div class=\"elementor-widget-container\">\n\t\t\t\t\t<h6 class=\"elementor-heading-title elementor-size-default\">\nHIMNO DE LA UNIVERSIDAD MILITAR BOLIVARIANA DE VENEZUELA<\/h6>\t\t\t\t<\/div>\n\t\t\t\t<\/div>\n\t\t\t\t<div class=\"elementor-element elementor-element-ac12c58 elementor-widget elementor-widget-video\" data-id=\"ac12c58\" data-element_type=\"widget\" data-e-type=\"widget\" data-settings=\"{&quot;video_type&quot;:&quot;hosted&quot;,&quot;controls&quot;:&quot;yes&quot;}\" data-widget_type=\"video.default\">\n\t\t\t\t<div class=\"elementor-widget-container\">\n\t\t\t\t\t\t\t<div class=\"e-hosted-video elementor-wrapper elementor-open-inline\">\n\t\t\t\t\t<video class=\"elementor-video\" src=\"http:\/\/www.umbv.edu.ve\/wp-content\/uploads\/2023\/12\/Himno-UMBV.mp4\" controls=\"\" preload=\"metadata\" controlsList=\"nodownload\"><\/video>\n\t\t\t\t<\/div>\n\t\t\t\t\t\t<\/div>\n\t\t\t\t<\/div>\n\t\t\t\t<\/div>\n\t\t\t\t\t<\/div>\n\t\t\t\t<\/div>\n\t\t<div class=\"elementor-element elementor-element-17411d1 e-flex e-con-boxed wpr-particle-no wpr-jarallax-no wpr-parallax-no wpr-sticky-section-no e-con e-parent\" data-id=\"17411d1\" data-element_type=\"container\" data-e-type=\"container\">\n\t\t\t\t\t<div class=\"e-con-inner\">\n\t\t<div class=\"elementor-element elementor-element-38764f7 e-con-full e-flex wpr-particle-no wpr-jarallax-no wpr-parallax-no wpr-sticky-section-no e-con e-child\" data-id=\"38764f7\" data-element_type=\"container\" data-e-type=\"container\">\n\t\t\t\t<div class=\"elementor-element elementor-element-f210189 elementor-widget-divider--view-line_text elementor-widget-divider--element-align-center elementor-widget elementor-widget-divider\" data-id=\"f210189\" data-element_type=\"widget\" data-e-type=\"widget\" data-widget_type=\"divider.default\">\n\t\t\t\t<div class=\"elementor-widget-container\">\n\t\t\t\t\t\t\t<div class=\"elementor-divider\">\n\t\t\t<span class=\"elementor-divider-separator\">\n\t\t\t\t\t\t\t<span class=\"elementor-divider__text elementor-divider__element\">\n\t\t\t\tUM<BR>&nbspBV\t\t\t\t<\/span>\n\t\t\t\t\t\t<\/span>\n\t\t<\/div>\n\t\t\t\t\t\t<\/div>\n\t\t\t\t<\/div>\n\t\t\t\t<\/div>\n\t\t\t\t\t<\/div>\n\t\t\t\t<\/div>\n\t\t<div class=\"elementor-element elementor-element-903d712 e-flex e-con-boxed wpr-particle-no wpr-jarallax-no wpr-parallax-no wpr-sticky-section-no e-con e-parent\" data-id=\"903d712\" data-element_type=\"container\" data-e-type=\"container\">\n\t\t\t\t\t<div class=\"e-con-inner\">\n\t\t\t\t<div class=\"elementor-element elementor-element-2e8f3e5 elementor-widget elementor-widget-heading\" data-id=\"2e8f3e5\" data-element_type=\"widget\" data-e-type=\"widget\" data-widget_type=\"heading.default\">\n\t\t\t\t<div class=\"elementor-widget-container\">\n\t\t\t\t\t<h4 class=\"elementor-heading-title elementor-size-default\">HIMNO DE LA UNIVERSIDAD MILITAR BOLIVARIANA DE VENEZUELA<\/h4>\t\t\t\t<\/div>\n\t\t\t\t<\/div>\n\t\t\t\t<div class=\"elementor-element elementor-element-fff3860 elementor-widget elementor-widget-text-editor\" data-id=\"fff3860\" data-element_type=\"widget\" data-e-type=\"widget\" data-widget_type=\"text-editor.default\">\n\t\t\t\t<div class=\"elementor-widget-container\">\n\t\t\t\t\t\t\t\t\t<p>\u00a0 \u00a0 \u00a0La letra y la m\u00fasica de n uestro himno corresponden a \u00c1ngel Jes\u00fas G\u00f3mez Y\u00e9pez y arreglo musical de Ricardo Mirabol. Corresponde dos estrofas y el coro como a continuaci\u00f3n se se\u00f1alan:<\/p>\t\t\t\t\t\t\t\t<\/div>\n\t\t\t\t<\/div>\n\t\t\t\t<div class=\"elementor-element elementor-element-d930d74 elementor-widget elementor-widget-image\" data-id=\"d930d74\" data-element_type=\"widget\" data-e-type=\"widget\" data-widget_type=\"image.default\">\n\t\t\t\t<div class=\"elementor-widget-container\">\n\t\t\t\t\t\t\t\t\t\t\t\t\t\t\t<img decoding=\"async\" width=\"370\" height=\"674\" src=\"http:\/\/www.umbv.edu.ve\/wp-content\/uploads\/2023\/12\/Cpw8c1WXEAAVRhf-removebg-preview.png\" class=\"attachment-medium_large size-medium_large wp-image-1465\" alt=\"\" srcset=\"http:\/\/www.umbv.edu.ve\/wp-content\/uploads\/2023\/12\/Cpw8c1WXEAAVRhf-removebg-preview.png 370w, http:\/\/www.umbv.edu.ve\/wp-content\/uploads\/2023\/12\/Cpw8c1WXEAAVRhf-removebg-preview-165x300.png 165w\" sizes=\"(max-width: 370px) 100vw, 370px\" \/>\t\t\t\t\t\t\t\t\t\t\t\t\t\t\t<\/div>\n\t\t\t\t<\/div>\n\t\t\t\t<div class=\"elementor-element elementor-element-ac4b27c elementor-button-info elementor-align-center elementor-widget elementor-widget-button\" data-id=\"ac4b27c\" data-element_type=\"widget\" data-e-type=\"widget\" data-widget_type=\"button.default\">\n\t\t\t\t<div class=\"elementor-widget-container\">\n\t\t\t\t\t\t\t\t\t<div class=\"elementor-button-wrapper\">\n\t\t\t\t\t<a class=\"elementor-button elementor-button-link elementor-size-md\" href=\"https:\/\/www.hormiguero.com.ve\/download\/documento-rector-dela-universidad-militar-bolivariana-de-venezuela\/\" target=\"_blank\">\n\t\t\t\t\t\t<span class=\"elementor-button-content-wrapper\">\n\t\t\t\t\t\t\t\t\t<span class=\"elementor-button-text\">Documento Rector<\/span>\n\t\t\t\t\t<\/span>\n\t\t\t\t\t<\/a>\n\t\t\t\t<\/div>\n\t\t\t\t\t\t\t\t<\/div>\n\t\t\t\t<\/div>\n\t\t\t\t\t<\/div>\n\t\t\t\t<\/div>\n\t\t\t\t<\/div>\n\t\t","protected":false},"excerpt":{"rendered":"<p>IDENTIDAD HER\u00c1LDICA DEL ESCUDO DE LA UNIVERSIDAD MILITAR BOLIVARIANA DE VENEZUELA \u00a0 \u00a0 El escudo de la Universidad Bolivariana de Venezuela, es de forma ovalada, policromado y esmaltado. En la bordura que protege el campo del escudo, podemos leer Universidad Mlitar Bolivariana de Venezuela, junto a la fecha 3.9.1810 para indicar el bicentenario de su &hellip;<\/p>\n<p class=\"read-more\"> <a class=\"\" href=\"http:\/\/www.umbv.edu.ve\/?page_id=754\"> <span class=\"screen-reader-text\">Identidad<\/span> Leer m\u00e1s &raquo;<\/a><\/p>\n","protected":false},"author":6,"featured_media":0,"parent":0,"menu_order":0,"comment_status":"closed","ping_status":"closed","template":"","meta":{"site-sidebar-layout":"no-sidebar","site-content-layout":"","ast-site-content-layout":"full-width-container","site-content-style":"default","site-sidebar-style":"default","ast-global-header-display":"","ast-banner-title-visibility":"","ast-main-header-display":"","ast-hfb-above-header-display":"","ast-hfb-below-header-display":"","ast-hfb-mobile-header-display":"","site-post-title":"disabled","ast-breadcrumbs-content":"","ast-featured-img":"disabled","footer-sml-layout":"","theme-transparent-header-meta":"","adv-header-id-meta":"","stick-header-meta":"","header-above-stick-meta":"","header-main-stick-meta":"","header-below-stick-meta":"","astra-migrate-meta-layouts":"","ast-page-background-enabled":"default","ast-page-background-meta":{"desktop":{"background-color":"var(--ast-global-color-4)","background-image":"","background-repeat":"repeat","background-position":"center center","background-size":"auto","background-attachment":"scroll","background-type":"","background-media":"","overlay-type":"","overlay-color":"","overlay-gradient":""},"tablet":{"background-color":"","background-image":"","background-repeat":"repeat","background-position":"center center","background-size":"auto","background-attachment":"scroll","background-type":"","background-media":"","overlay-type":"","overlay-color":"","overlay-gradient":""},"mobile":{"background-color":"","background-image":"","background-repeat":"repeat","background-position":"center center","background-size":"auto","background-attachment":"scroll","background-type":"","background-media":"","overlay-type":"","overlay-color":"","overlay-gradient":""}},"ast-content-background-meta":{"desktop":{"background-color":"var(--ast-global-color-5)","background-image":"","background-repeat":"repeat","background-position":"center center","background-size":"auto","background-attachment":"scroll","background-type":"","background-media":"","overlay-type":"","overlay-color":"","overlay-gradient":""},"tablet":{"background-color":"var(--ast-global-color-5)","background-image":"","background-repeat":"repeat","background-position":"center center","background-size":"auto","background-attachment":"scroll","background-type":"","background-media":"","overlay-type":"","overlay-color":"","overlay-gradient":""},"mobile":{"background-color":"var(--ast-global-color-5)","background-image":"","background-repeat":"repeat","background-position":"center center","background-size":"auto","background-attachment":"scroll","background-type":"","background-media":"","overlay-type":"","overlay-color":"","overlay-gradient":""}},"footnotes":""},"class_list":["post-754","page","type-page","status-publish","hentry"],"_links":{"self":[{"href":"http:\/\/www.umbv.edu.ve\/index.php?rest_route=\/wp\/v2\/pages\/754","targetHints":{"allow":["GET"]}}],"collection":[{"href":"http:\/\/www.umbv.edu.ve\/index.php?rest_route=\/wp\/v2\/pages"}],"about":[{"href":"http:\/\/www.umbv.edu.ve\/index.php?rest_route=\/wp\/v2\/types\/page"}],"author":[{"embeddable":true,"href":"http:\/\/www.umbv.edu.ve\/index.php?rest_route=\/wp\/v2\/users\/6"}],"replies":[{"embeddable":true,"href":"http:\/\/www.umbv.edu.ve\/index.php?rest_route=%2Fwp%2Fv2%2Fcomments&post=754"}],"version-history":[{"count":88,"href":"http:\/\/www.umbv.edu.ve\/index.php?rest_route=\/wp\/v2\/pages\/754\/revisions"}],"predecessor-version":[{"id":3351,"href":"http:\/\/www.umbv.edu.ve\/index.php?rest_route=\/wp\/v2\/pages\/754\/revisions\/3351"}],"wp:attachment":[{"href":"http:\/\/www.umbv.edu.ve\/index.php?rest_route=%2Fwp%2Fv2%2Fmedia&parent=754"}],"curies":[{"name":"wp","href":"https:\/\/api.w.org\/{rel}","templated":true}]}}