{"id":777,"date":"2023-12-09T00:34:43","date_gmt":"2023-12-09T00:34:43","guid":{"rendered":"http:\/\/www.umbv.edu.ve\/?page_id=777"},"modified":"2024-01-21T17:53:06","modified_gmt":"2024-01-21T17:53:06","slug":"postgrado","status":"publish","type":"page","link":"http:\/\/www.umbv.edu.ve\/?page_id=777","title":{"rendered":"Postgrado"},"content":{"rendered":"\t\t<div data-elementor-type=\"wp-page\" data-elementor-id=\"777\" class=\"elementor elementor-777\">\n\t\t\t\t\t\t\t<div class=\"elementor-element elementor-element-28d7f54 e-flex e-con-boxed wpr-particle-no wpr-jarallax-no wpr-parallax-no wpr-sticky-section-no e-con e-parent\" data-id=\"28d7f54\" data-element_type=\"container\" data-settings=\"{&quot;content_width&quot;:&quot;boxed&quot;}\" data-core-v316-plus=\"true\">\n\t\t\t\t\t<div class=\"e-con-inner\">\n\t\t\t\t<div class=\"elementor-element elementor-element-27f5580 elementor-widget elementor-widget-heading\" data-id=\"27f5580\" data-element_type=\"widget\" data-widget_type=\"heading.default\">\n\t\t\t\t<div class=\"elementor-widget-container\">\n\t\t\t<style>\/*! elementor - v3.18.0 - 06-12-2023 *\/\n.elementor-heading-title{padding:0;margin:0;line-height:1}.elementor-widget-heading .elementor-heading-title[class*=elementor-size-]>a{color:inherit;font-size:inherit;line-height:inherit}.elementor-widget-heading .elementor-heading-title.elementor-size-small{font-size:15px}.elementor-widget-heading .elementor-heading-title.elementor-size-medium{font-size:19px}.elementor-widget-heading .elementor-heading-title.elementor-size-large{font-size:29px}.elementor-widget-heading .elementor-heading-title.elementor-size-xl{font-size:39px}.elementor-widget-heading .elementor-heading-title.elementor-size-xxl{font-size:59px}<\/style><h1 class=\"elementor-heading-title elementor-size-default\">CENTROS DE ESTUDIOS DE POSTGRADO\n\n<\/h1>\t\t<\/div>\n\t\t\t\t<\/div>\n\t\t\t\t\t<\/div>\n\t\t\t\t<\/div>\n\t\t<div class=\"elementor-element elementor-element-75e85bf e-flex e-con-boxed wpr-particle-no wpr-jarallax-no wpr-parallax-no wpr-sticky-section-no e-con e-parent\" data-id=\"75e85bf\" data-element_type=\"container\" data-settings=\"{&quot;content_width&quot;:&quot;boxed&quot;}\" data-core-v316-plus=\"true\">\n\t\t\t\t\t<div class=\"e-con-inner\">\n\t\t<div class=\"elementor-element elementor-element-efb0b1f e-flex e-con-boxed wpr-particle-no wpr-jarallax-no wpr-parallax-no wpr-sticky-section-no e-con e-child\" data-id=\"efb0b1f\" data-element_type=\"container\" data-settings=\"{&quot;content_width&quot;:&quot;boxed&quot;}\">\n\t\t\t\t\t<div class=\"e-con-inner\">\n\t\t<div class=\"elementor-element elementor-element-a01f247 e-con-full e-flex wpr-particle-no wpr-jarallax-no wpr-parallax-no wpr-sticky-section-no e-con e-child\" data-id=\"a01f247\" data-element_type=\"container\" data-settings=\"{&quot;content_width&quot;:&quot;full&quot;}\">\n\t\t\t\t<div class=\"elementor-element elementor-element-17cf64b elementor-position-top elementor-widget elementor-widget-image-box\" data-id=\"17cf64b\" data-element_type=\"widget\" data-widget_type=\"image-box.default\">\n\t\t\t\t<div class=\"elementor-widget-container\">\n\t\t\t<style>\/*! elementor - v3.18.0 - 06-12-2023 *\/\n.elementor-widget-image-box .elementor-image-box-content{width:100%}@media (min-width:768px){.elementor-widget-image-box.elementor-position-left .elementor-image-box-wrapper,.elementor-widget-image-box.elementor-position-right .elementor-image-box-wrapper{display:flex}.elementor-widget-image-box.elementor-position-right .elementor-image-box-wrapper{text-align:right;flex-direction:row-reverse}.elementor-widget-image-box.elementor-position-left .elementor-image-box-wrapper{text-align:left;flex-direction:row}.elementor-widget-image-box.elementor-position-top .elementor-image-box-img{margin:auto}.elementor-widget-image-box.elementor-vertical-align-top .elementor-image-box-wrapper{align-items:flex-start}.elementor-widget-image-box.elementor-vertical-align-middle .elementor-image-box-wrapper{align-items:center}.elementor-widget-image-box.elementor-vertical-align-bottom .elementor-image-box-wrapper{align-items:flex-end}}@media (max-width:767px){.elementor-widget-image-box .elementor-image-box-img{margin-left:auto!important;margin-right:auto!important;margin-bottom:15px}}.elementor-widget-image-box .elementor-image-box-img{display:inline-block}.elementor-widget-image-box .elementor-image-box-title a{color:inherit}.elementor-widget-image-box .elementor-image-box-wrapper{text-align:center}.elementor-widget-image-box .elementor-image-box-description{margin:0}<\/style><div class=\"elementor-image-box-wrapper\"><figure class=\"elementor-image-box-img\"><a href=\"http:\/\/www.umbv.edu.ve\/index.php\/polemologicos-y-estrategicos-cepe\/\" tabindex=\"-1\"><img decoding=\"async\" width=\"150\" height=\"150\" src=\"http:\/\/www.umbv.edu.ve\/wp-content\/uploads\/2024\/01\/IMG-20230907-WA0039-300x300-1-150x150.jpg\" class=\"attachment-thumbnail size-thumbnail wp-image-2909\" alt=\"\" srcset=\"http:\/\/www.umbv.edu.ve\/wp-content\/uploads\/2024\/01\/IMG-20230907-WA0039-300x300-1-150x150.jpg 150w, http:\/\/www.umbv.edu.ve\/wp-content\/uploads\/2024\/01\/IMG-20230907-WA0039-300x300-1.jpg 300w\" sizes=\"(max-width: 150px) 100vw, 150px\" \/><\/a><\/figure><div class=\"elementor-image-box-content\"><h3 class=\"elementor-image-box-title\"><a href=\"http:\/\/www.umbv.edu.ve\/index.php\/polemologicos-y-estrategicos-cepe\/\">CENTRO DE ESTUDIOS POLEMOL\u00d3GICOS Y ESTRAT\u00c9GICOS (CEPE)<\/a><\/h3><\/div><\/div>\t\t<\/div>\n\t\t\t\t<\/div>\n\t\t\t\t<\/div>\n\t\t<div class=\"elementor-element elementor-element-69efc9b e-con-full e-flex wpr-particle-no wpr-jarallax-no wpr-parallax-no wpr-sticky-section-no e-con e-child\" data-id=\"69efc9b\" data-element_type=\"container\" data-settings=\"{&quot;content_width&quot;:&quot;full&quot;}\">\n\t\t\t\t<div class=\"elementor-element elementor-element-18012ec elementor-position-top elementor-widget elementor-widget-image-box\" data-id=\"18012ec\" data-element_type=\"widget\" data-widget_type=\"image-box.default\">\n\t\t\t\t<div class=\"elementor-widget-container\">\n\t\t\t<div class=\"elementor-image-box-wrapper\"><figure class=\"elementor-image-box-img\"><a href=\"http:\/\/www.umbv.edu.ve\/index.php\/postgrados-tacticostecnicos-y-logisticos-cepttl\/\" tabindex=\"-1\"><img decoding=\"async\" width=\"150\" height=\"150\" src=\"http:\/\/www.umbv.edu.ve\/wp-content\/uploads\/2024\/01\/logo-escudo-2UMBV.jpeg-300x300-1-150x150.jpg\" class=\"attachment-thumbnail size-thumbnail wp-image-2910\" alt=\"\" srcset=\"http:\/\/www.umbv.edu.ve\/wp-content\/uploads\/2024\/01\/logo-escudo-2UMBV.jpeg-300x300-1-150x150.jpg 150w, http:\/\/www.umbv.edu.ve\/wp-content\/uploads\/2024\/01\/logo-escudo-2UMBV.jpeg-300x300-1.jpg 300w\" sizes=\"(max-width: 150px) 100vw, 150px\" \/><\/a><\/figure><div class=\"elementor-image-box-content\"><h3 class=\"elementor-image-box-title\"><a href=\"http:\/\/www.umbv.edu.ve\/index.php\/postgrados-tacticostecnicos-y-logisticos-cepttl\/\">CENTRO DE ESTUDIOS DE POSTGRADOS T\u00c1CTICOS, T\u00c9CNICOS Y LOG\u00cdSTICOS (CEPTTL)<\/a><\/h3><\/div><\/div>\t\t<\/div>\n\t\t\t\t<\/div>\n\t\t\t\t<\/div>\n\t\t<div class=\"elementor-element elementor-element-5aeb345 e-con-full e-flex wpr-particle-no wpr-jarallax-no wpr-parallax-no wpr-sticky-section-no e-con e-child\" data-id=\"5aeb345\" data-element_type=\"container\" data-settings=\"{&quot;content_width&quot;:&quot;full&quot;}\">\n\t\t\t\t<div class=\"elementor-element elementor-element-4845341 elementor-position-top elementor-widget elementor-widget-image-box\" data-id=\"4845341\" data-element_type=\"widget\" data-widget_type=\"image-box.default\">\n\t\t\t\t<div class=\"elementor-widget-container\">\n\t\t\t<div class=\"elementor-image-box-wrapper\"><figure class=\"elementor-image-box-img\"><a href=\"http:\/\/www.umbv.edu.ve\/index.php\/ciencias-de-la-salud-cecs-2\/\" tabindex=\"-1\"><img decoding=\"async\" width=\"150\" height=\"150\" src=\"http:\/\/www.umbv.edu.ve\/wp-content\/uploads\/2024\/01\/IMG-20230907-WA0048-1-300x300-1-150x150.jpg\" class=\"attachment-thumbnail size-thumbnail wp-image-2899\" alt=\"\" srcset=\"http:\/\/www.umbv.edu.ve\/wp-content\/uploads\/2024\/01\/IMG-20230907-WA0048-1-300x300-1-150x150.jpg 150w, http:\/\/www.umbv.edu.ve\/wp-content\/uploads\/2024\/01\/IMG-20230907-WA0048-1-300x300-1.jpg 300w\" sizes=\"(max-width: 150px) 100vw, 150px\" \/><\/a><\/figure><div class=\"elementor-image-box-content\"><h3 class=\"elementor-image-box-title\"><a href=\"http:\/\/www.umbv.edu.ve\/index.php\/ciencias-de-la-salud-cecs-2\/\">CENTRO DE ESTUDIOS EN CIENCIAS DE LA SALUD (CECS)<\/a><\/h3><\/div><\/div>\t\t<\/div>\n\t\t\t\t<\/div>\n\t\t\t\t<\/div>\n\t\t\t\t\t<\/div>\n\t\t\t\t<\/div>\n\t\t\t\t\t<\/div>\n\t\t\t\t<\/div>\n\t\t\t\t\t\t\t<\/div>\n\t\t","protected":false},"excerpt":{"rendered":"<p>CENTROS DE ESTUDIOS DE POSTGRADO CENTRO DE ESTUDIOS POLEMOL\u00d3GICOS Y ESTRAT\u00c9GICOS (CEPE) CENTRO DE ESTUDIOS DE POSTGRADOS T\u00c1CTICOS, T\u00c9CNICOS Y LOG\u00cdSTICOS (CEPTTL) CENTRO DE ESTUDIOS EN CIENCIAS DE LA SALUD (CECS)<\/p>\n","protected":false},"author":6,"featured_media":0,"parent":0,"menu_order":0,"comment_status":"closed","ping_status":"closed","template":"","meta":{"site-sidebar-layout":"no-sidebar","site-content-layout":"","ast-site-content-layout":"full-width-container","site-content-style":"default","site-sidebar-style":"default","ast-global-header-display":"","ast-banner-title-visibility":"","ast-main-header-display":"","ast-hfb-above-header-display":"","ast-hfb-below-header-display":"","ast-hfb-mobile-header-display":"","site-post-title":"disabled","ast-breadcrumbs-content":"","ast-featured-img":"disabled","footer-sml-layout":"","theme-transparent-header-meta":"","adv-header-id-meta":"","stick-header-meta":"","header-above-stick-meta":"","header-main-stick-meta":"","header-below-stick-meta":"","astra-migrate-meta-layouts":"","ast-page-background-enabled":"default","ast-page-background-meta":{"desktop":{"background-color":"var(--ast-global-color-4)","background-image":"","background-repeat":"repeat","background-position":"center center","background-size":"auto","background-attachment":"scroll","background-type":"","background-media":"","overlay-type":"","overlay-color":"","overlay-gradient":""},"tablet":{"background-color":"","background-image":"","background-repeat":"repeat","background-position":"center center","background-size":"auto","background-attachment":"scroll","background-type":"","background-media":"","overlay-type":"","overlay-color":"","overlay-gradient":""},"mobile":{"background-color":"","background-image":"","background-repeat":"repeat","background-position":"center center","background-size":"auto","background-attachment":"scroll","background-type":"","background-media":"","overlay-type":"","overlay-color":"","overlay-gradient":""}},"ast-content-background-meta":{"desktop":{"background-color":"var(--ast-global-color-5)","background-image":"","background-repeat":"repeat","background-position":"center center","background-size":"auto","background-attachment":"scroll","background-type":"","background-media":"","overlay-type":"","overlay-color":"","overlay-gradient":""},"tablet":{"background-color":"var(--ast-global-color-5)","background-image":"","background-repeat":"repeat","background-position":"center center","background-size":"auto","background-attachment":"scroll","background-type":"","background-media":"","overlay-type":"","overlay-color":"","overlay-gradient":""},"mobile":{"background-color":"var(--ast-global-color-5)","background-image":"","background-repeat":"repeat","background-position":"center center","background-size":"auto","background-attachment":"scroll","background-type":"","background-media":"","overlay-type":"","overlay-color":"","overlay-gradient":""}},"footnotes":""},"_links":{"self":[{"href":"http:\/\/www.umbv.edu.ve\/index.php?rest_route=\/wp\/v2\/pages\/777"}],"collection":[{"href":"http:\/\/www.umbv.edu.ve\/index.php?rest_route=\/wp\/v2\/pages"}],"about":[{"href":"http:\/\/www.umbv.edu.ve\/index.php?rest_route=\/wp\/v2\/types\/page"}],"author":[{"embeddable":true,"href":"http:\/\/www.umbv.edu.ve\/index.php?rest_route=\/wp\/v2\/users\/6"}],"replies":[{"embeddable":true,"href":"http:\/\/www.umbv.edu.ve\/index.php?rest_route=%2Fwp%2Fv2%2Fcomments&post=777"}],"version-history":[{"count":7,"href":"http:\/\/www.umbv.edu.ve\/index.php?rest_route=\/wp\/v2\/pages\/777\/revisions"}],"predecessor-version":[{"id":2917,"href":"http:\/\/www.umbv.edu.ve\/index.php?rest_route=\/wp\/v2\/pages\/777\/revisions\/2917"}],"wp:attachment":[{"href":"http:\/\/www.umbv.edu.ve\/index.php?rest_route=%2Fwp%2Fv2%2Fmedia&parent=777"}],"curies":[{"name":"wp","href":"https:\/\/api.w.org\/{rel}","templated":true}]}}