{"id":812,"date":"2023-12-09T00:51:36","date_gmt":"2023-12-09T00:51:36","guid":{"rendered":"http:\/\/www.umbv.edu.ve\/?page_id=812"},"modified":"2023-12-13T18:04:33","modified_gmt":"2023-12-13T18:04:33","slug":"noticias","status":"publish","type":"page","link":"http:\/\/www.umbv.edu.ve\/?page_id=812","title":{"rendered":"NOTICIAS"},"content":{"rendered":"\t\t<div data-elementor-type=\"wp-page\" data-elementor-id=\"812\" class=\"elementor elementor-812\">\n\t\t\t\t\t\t\t<div class=\"elementor-element elementor-element-a9b6b70 e-flex e-con-boxed wpr-particle-no wpr-jarallax-no wpr-parallax-no wpr-sticky-section-no e-con e-parent\" data-id=\"a9b6b70\" data-element_type=\"container\" data-settings=\"{&quot;content_width&quot;:&quot;boxed&quot;}\" data-core-v316-plus=\"true\">\n\t\t\t\t\t<div class=\"e-con-inner\">\n\t\t\t\t<div class=\"elementor-element elementor-element-ab5ad32 elementor-grid-3 elementor-grid-tablet-2 elementor-grid-mobile-1 elementor-posts--thumbnail-top elementor-posts--show-avatar elementor-card-shadow-yes elementor-posts__hover-gradient elementor-widget elementor-widget-posts\" data-id=\"ab5ad32\" data-element_type=\"widget\" data-settings=\"{&quot;cards_columns&quot;:&quot;3&quot;,&quot;cards_columns_tablet&quot;:&quot;2&quot;,&quot;cards_columns_mobile&quot;:&quot;1&quot;,&quot;cards_row_gap&quot;:{&quot;unit&quot;:&quot;px&quot;,&quot;size&quot;:35,&quot;sizes&quot;:[]},&quot;cards_row_gap_tablet&quot;:{&quot;unit&quot;:&quot;px&quot;,&quot;size&quot;:&quot;&quot;,&quot;sizes&quot;:[]},&quot;cards_row_gap_mobile&quot;:{&quot;unit&quot;:&quot;px&quot;,&quot;size&quot;:&quot;&quot;,&quot;sizes&quot;:[]}}\" data-widget_type=\"posts.cards\">\n\t\t\t\t<div class=\"elementor-widget-container\">\n\t\t\t<link rel=\"stylesheet\" href=\"http:\/\/www.umbv.edu.ve\/wp-content\/plugins\/pro-elements\/assets\/css\/widget-posts.min.css\">\t\t<div class=\"elementor-posts-container elementor-posts elementor-posts--skin-cards elementor-grid\">\n\t\t\t\t<article class=\"elementor-post elementor-grid-item post-3667 post type-post status-publish format-standard has-post-thumbnail hentry category-blog tag-fanb tag-umbv tag-universidad-militar-bolivariana-de-venezuela tag-venezuela\">\n\t\t\t<div class=\"elementor-post__card\">\n\t\t\t\t<a class=\"elementor-post__thumbnail__link\" href=\"http:\/\/www.umbv.edu.ve\/?p=3667\" ><div class=\"elementor-post__thumbnail\"><img fetchpriority=\"high\" width=\"300\" height=\"225\" src=\"http:\/\/www.umbv.edu.ve\/wp-content\/uploads\/2025\/10\/WhatsApp-Image-2025-10-05-at-14.19.10_c04bb6c1.jpg\" class=\"attachment-medium size-medium wp-image-3668\" alt=\"\" decoding=\"async\" \/><\/div><\/a>\n\t\t\t\t<div class=\"elementor-post__badge\">Blog<\/div>\n\t\t\t\t<div class=\"elementor-post__avatar\">\n\t\t\t<img alt='Taylin Jacotte' src='http:\/\/0.gravatar.com\/avatar\/37c085c7d3a2263b2ea3a61740ada109?s=128&#038;d=mm&#038;r=g' srcset='http:\/\/0.gravatar.com\/avatar\/37c085c7d3a2263b2ea3a61740ada109?s=256&#038;d=mm&#038;r=g 2x' class='avatar avatar-128 photo' height='128' width='128' decoding='async'\/>\t\t<\/div>\n\t\t\t\t<div class=\"elementor-post__text\">\n\t\t\t\t<h3 class=\"elementor-post__title\">\n\t\t\t<a href=\"http:\/\/www.umbv.edu.ve\/?p=3667\" >\n\t\t\t\tUMBV DIO INICIO A LA NAVIDAD JUNTO A TRABAJADORES DE LA INSTITUCI\u00d3N\t\t\t<\/a>\n\t\t<\/h3>\n\t\t\t\t<div class=\"elementor-post__excerpt\">\n\t\t\t<p>El Viceministro de Educaci\u00f3n para La Defensa y Rector de La Universidad Militar de Venezuela, Mayor General Omar Enrique P\u00e9rez La Rosa, junto a toda<\/p>\n\t\t<\/div>\n\t\t\t\t\t<a class=\"elementor-post__read-more\" href=\"http:\/\/www.umbv.edu.ve\/?p=3667\" >\n\t\t\t\tRead More \u00bb\t\t\t<\/a>\n\t\t\t\t<\/div>\n\t\t\t\t<div class=\"elementor-post__meta-data\">\n\t\t\t\t\t<span class=\"elementor-post-date\">\n\t\t\toctubre 6, 2025\t\t<\/span>\n\t\t\t\t<span class=\"elementor-post-avatar\">\n\t\t\tNo hay comentarios\t\t<\/span>\n\t\t\t\t<\/div>\n\t\t\t\t\t<\/div>\n\t\t<\/article>\n\t\t\t\t<article class=\"elementor-post elementor-grid-item post-3660 post type-post status-publish format-standard has-post-thumbnail hentry category-blog tag-fanb tag-nicolas-maduro tag-umbv tag-universidad-militar-bolivariana-de-venezuela tag-venezuela\">\n\t\t\t<div class=\"elementor-post__card\">\n\t\t\t\t<a class=\"elementor-post__thumbnail__link\" href=\"http:\/\/www.umbv.edu.ve\/?p=3660\" ><div class=\"elementor-post__thumbnail\"><img width=\"300\" height=\"200\" src=\"http:\/\/www.umbv.edu.ve\/wp-content\/uploads\/2025\/10\/WhatsApp-Image-2025-10-05-at-14.18.16_aded6052.jpg\" class=\"attachment-medium size-medium wp-image-3661\" alt=\"\" decoding=\"async\" \/><\/div><\/a>\n\t\t\t\t<div class=\"elementor-post__badge\">Blog<\/div>\n\t\t\t\t<div class=\"elementor-post__avatar\">\n\t\t\t<img alt='Taylin Jacotte' src='http:\/\/0.gravatar.com\/avatar\/37c085c7d3a2263b2ea3a61740ada109?s=128&#038;d=mm&#038;r=g' srcset='http:\/\/0.gravatar.com\/avatar\/37c085c7d3a2263b2ea3a61740ada109?s=256&#038;d=mm&#038;r=g 2x' class='avatar avatar-128 photo' height='128' width='128' decoding='async'\/>\t\t<\/div>\n\t\t\t\t<div class=\"elementor-post__text\">\n\t\t\t\t<h3 class=\"elementor-post__title\">\n\t\t\t<a href=\"http:\/\/www.umbv.edu.ve\/?p=3660\" >\n\t\t\t\tUMBV OTORGA AL PRESIDENTE NICOL\u00c1S MADURO, DOCTORADO HONORIS CAUSA EN SEGURIDAD DE LA NACI\u00d3N Y DICTA LECCI\u00d3N MAGISTRAL\t\t\t<\/a>\n\t\t<\/h3>\n\t\t\t\t<div class=\"elementor-post__excerpt\">\n\t\t\t<p>El 30 de septiembre se llev\u00f3 a cabo la lecci\u00f3n magistral a los cadetes de la Universidad Militar Bolivariana de Venezuela (UMBV), con motivo al<\/p>\n\t\t<\/div>\n\t\t\t\t\t<a class=\"elementor-post__read-more\" href=\"http:\/\/www.umbv.edu.ve\/?p=3660\" >\n\t\t\t\tRead More \u00bb\t\t\t<\/a>\n\t\t\t\t<\/div>\n\t\t\t\t<div class=\"elementor-post__meta-data\">\n\t\t\t\t\t<span class=\"elementor-post-date\">\n\t\t\toctubre 6, 2025\t\t<\/span>\n\t\t\t\t<span class=\"elementor-post-avatar\">\n\t\t\tNo hay comentarios\t\t<\/span>\n\t\t\t\t<\/div>\n\t\t\t\t\t<\/div>\n\t\t<\/article>\n\t\t\t\t<article class=\"elementor-post elementor-grid-item post-3653 post type-post status-publish format-standard has-post-thumbnail hentry category-blog tag-fanb tag-umbv tag-universidad-militar-bolivariana-de-venezuela\">\n\t\t\t<div class=\"elementor-post__card\">\n\t\t\t\t<a class=\"elementor-post__thumbnail__link\" href=\"http:\/\/www.umbv.edu.ve\/?p=3653\" ><div class=\"elementor-post__thumbnail\"><img width=\"300\" height=\"169\" src=\"http:\/\/www.umbv.edu.ve\/wp-content\/uploads\/2025\/10\/WhatsApp-Image-2025-10-05-at-14.15.52_ff56c274.jpg\" class=\"attachment-medium size-medium wp-image-3654\" alt=\"\" decoding=\"async\" \/><\/div><\/a>\n\t\t\t\t<div class=\"elementor-post__badge\">Blog<\/div>\n\t\t\t\t<div class=\"elementor-post__avatar\">\n\t\t\t<img alt='Taylin Jacotte' src='http:\/\/0.gravatar.com\/avatar\/37c085c7d3a2263b2ea3a61740ada109?s=128&#038;d=mm&#038;r=g' srcset='http:\/\/0.gravatar.com\/avatar\/37c085c7d3a2263b2ea3a61740ada109?s=256&#038;d=mm&#038;r=g 2x' class='avatar avatar-128 photo' height='128' width='128' decoding='async'\/>\t\t<\/div>\n\t\t\t\t<div class=\"elementor-post__text\">\n\t\t\t\t<h3 class=\"elementor-post__title\">\n\t\t\t<a href=\"http:\/\/www.umbv.edu.ve\/?p=3653\" >\n\t\t\t\tUMBV CELEBRA XI JORNADAS DE REFLEXI\u00d3N EDUCATIVA Y CURRICULAR\t\t\t<\/a>\n\t\t<\/h3>\n\t\t\t\t<div class=\"elementor-post__excerpt\">\n\t\t\t<p>Durante los d\u00edas 24 y 25 de septiembre se llev\u00f3 a cabo la XI Jornadas de Reflexi\u00f3n Educativa y Curricular, \u201cCurr\u00edculo Educativo Militar de la<\/p>\n\t\t<\/div>\n\t\t\t\t\t<a class=\"elementor-post__read-more\" href=\"http:\/\/www.umbv.edu.ve\/?p=3653\" >\n\t\t\t\tRead More \u00bb\t\t\t<\/a>\n\t\t\t\t<\/div>\n\t\t\t\t<div class=\"elementor-post__meta-data\">\n\t\t\t\t\t<span class=\"elementor-post-date\">\n\t\t\toctubre 6, 2025\t\t<\/span>\n\t\t\t\t<span class=\"elementor-post-avatar\">\n\t\t\tNo hay comentarios\t\t<\/span>\n\t\t\t\t<\/div>\n\t\t\t\t\t<\/div>\n\t\t<\/article>\n\t\t\t\t<article class=\"elementor-post elementor-grid-item post-3645 post type-post status-publish format-standard has-post-thumbnail hentry category-blog tag-cadetes tag-fanb tag-umbv tag-universidad-militar-bolivariana-de-venezuela tag-venezuela\">\n\t\t\t<div class=\"elementor-post__card\">\n\t\t\t\t<a class=\"elementor-post__thumbnail__link\" href=\"http:\/\/www.umbv.edu.ve\/?p=3645\" ><div class=\"elementor-post__thumbnail\"><img loading=\"lazy\" width=\"300\" height=\"225\" src=\"http:\/\/www.umbv.edu.ve\/wp-content\/uploads\/2025\/10\/WhatsApp-Image-2025-10-05-at-14.05.03_99c0e773.jpg\" class=\"attachment-medium size-medium wp-image-3646\" alt=\"\" decoding=\"async\" \/><\/div><\/a>\n\t\t\t\t<div class=\"elementor-post__badge\">Blog<\/div>\n\t\t\t\t<div class=\"elementor-post__avatar\">\n\t\t\t<img alt='Taylin Jacotte' src='http:\/\/0.gravatar.com\/avatar\/37c085c7d3a2263b2ea3a61740ada109?s=128&#038;d=mm&#038;r=g' srcset='http:\/\/0.gravatar.com\/avatar\/37c085c7d3a2263b2ea3a61740ada109?s=256&#038;d=mm&#038;r=g 2x' class='avatar avatar-128 photo' height='128' width='128' decoding='async'\/>\t\t<\/div>\n\t\t\t\t<div class=\"elementor-post__text\">\n\t\t\t\t<h3 class=\"elementor-post__title\">\n\t\t\t<a href=\"http:\/\/www.umbv.edu.ve\/?p=3645\" >\n\t\t\t\tUMBV REALIZA MISA DE ACCI\u00d3N DE GRACIAS Y OTORGA \u00a0CONDECORACIONES POR SU ANIVERSARIO\t\t\t<\/a>\n\t\t<\/h3>\n\t\t\t\t<div class=\"elementor-post__excerpt\">\n\t\t\t<p>Con el objetivo de agradecer a Dios por la dicha de arribar al aniversario n\u00famero 15, la Universidad Militar Bolivariana de Venezuela realiz\u00f3 misa de<\/p>\n\t\t<\/div>\n\t\t\t\t\t<a class=\"elementor-post__read-more\" href=\"http:\/\/www.umbv.edu.ve\/?p=3645\" >\n\t\t\t\tRead More \u00bb\t\t\t<\/a>\n\t\t\t\t<\/div>\n\t\t\t\t<div class=\"elementor-post__meta-data\">\n\t\t\t\t\t<span class=\"elementor-post-date\">\n\t\t\toctubre 5, 2025\t\t<\/span>\n\t\t\t\t<span class=\"elementor-post-avatar\">\n\t\t\tNo hay comentarios\t\t<\/span>\n\t\t\t\t<\/div>\n\t\t\t\t\t<\/div>\n\t\t<\/article>\n\t\t\t\t<article class=\"elementor-post elementor-grid-item post-3637 post type-post status-publish format-standard has-post-thumbnail hentry category-blog\">\n\t\t\t<div class=\"elementor-post__card\">\n\t\t\t\t<a class=\"elementor-post__thumbnail__link\" href=\"http:\/\/www.umbv.edu.ve\/?p=3637\" ><div class=\"elementor-post__thumbnail\"><img loading=\"lazy\" width=\"300\" height=\"226\" src=\"http:\/\/www.umbv.edu.ve\/wp-content\/uploads\/2025\/10\/WhatsApp-Image-2025-09-19-at-20.47.18_52655058.jpg\" class=\"attachment-medium size-medium wp-image-3638\" alt=\"\" decoding=\"async\" \/><\/div><\/a>\n\t\t\t\t<div class=\"elementor-post__badge\">Blog<\/div>\n\t\t\t\t<div class=\"elementor-post__avatar\">\n\t\t\t<img alt='Taylin Jacotte' src='http:\/\/0.gravatar.com\/avatar\/37c085c7d3a2263b2ea3a61740ada109?s=128&#038;d=mm&#038;r=g' srcset='http:\/\/0.gravatar.com\/avatar\/37c085c7d3a2263b2ea3a61740ada109?s=256&#038;d=mm&#038;r=g 2x' class='avatar avatar-128 photo' height='128' width='128' decoding='async'\/>\t\t<\/div>\n\t\t\t\t<div class=\"elementor-post__text\">\n\t\t\t\t<h3 class=\"elementor-post__title\">\n\t\t\t<a href=\"http:\/\/www.umbv.edu.ve\/?p=3637\" >\n\t\t\t\tLA UMBV SE VISTE DE GALA POR LA CELEBRACI\u00d3N DEL D\u00c9CIMO QUINTO ANIVERSARIO\t\t\t<\/a>\n\t\t<\/h3>\n\t\t\t\t<div class=\"elementor-post__excerpt\">\n\t\t\t<p>El Teatro de la Academia Militar del Ej\u00e9rcito Bolivariano, sirvi\u00f3 de escenario para vestirse de gala y recibir a la gran familia de la Universidad<\/p>\n\t\t<\/div>\n\t\t\t\t\t<a class=\"elementor-post__read-more\" href=\"http:\/\/www.umbv.edu.ve\/?p=3637\" >\n\t\t\t\tRead More \u00bb\t\t\t<\/a>\n\t\t\t\t<\/div>\n\t\t\t\t<div class=\"elementor-post__meta-data\">\n\t\t\t\t\t<span class=\"elementor-post-date\">\n\t\t\toctubre 2, 2025\t\t<\/span>\n\t\t\t\t<span class=\"elementor-post-avatar\">\n\t\t\tNo hay comentarios\t\t<\/span>\n\t\t\t\t<\/div>\n\t\t\t\t\t<\/div>\n\t\t<\/article>\n\t\t\t\t<article class=\"elementor-post elementor-grid-item post-3606 post type-post status-publish format-standard has-post-thumbnail hentry category-blog tag-fanb tag-umbv tag-universidad-militar-bolivariana-de-venezuela\">\n\t\t\t<div class=\"elementor-post__card\">\n\t\t\t\t<a class=\"elementor-post__thumbnail__link\" href=\"http:\/\/www.umbv.edu.ve\/?p=3606\" ><div class=\"elementor-post__thumbnail\"><img loading=\"lazy\" width=\"300\" height=\"169\" src=\"http:\/\/www.umbv.edu.ve\/wp-content\/uploads\/2025\/09\/WhatsApp-Image-2025-09-16-at-11.01.02_ff8d8b9c-1.jpg\" class=\"attachment-medium size-medium wp-image-3609\" alt=\"\" decoding=\"async\" \/><\/div><\/a>\n\t\t\t\t<div class=\"elementor-post__badge\">Blog<\/div>\n\t\t\t\t<div class=\"elementor-post__avatar\">\n\t\t\t<img alt='Taylin Jacotte' src='http:\/\/0.gravatar.com\/avatar\/37c085c7d3a2263b2ea3a61740ada109?s=128&#038;d=mm&#038;r=g' srcset='http:\/\/0.gravatar.com\/avatar\/37c085c7d3a2263b2ea3a61740ada109?s=256&#038;d=mm&#038;r=g 2x' class='avatar avatar-128 photo' height='128' width='128' decoding='async'\/>\t\t<\/div>\n\t\t\t\t<div class=\"elementor-post__text\">\n\t\t\t\t<h3 class=\"elementor-post__title\">\n\t\t\t<a href=\"http:\/\/www.umbv.edu.ve\/?p=3606\" >\n\t\t\t\tJORNADA ESPECIAL EN EL MARCO DEL 15\u00ba ANIVERSARIO DE LA UMBV\t\t\t<\/a>\n\t\t<\/h3>\n\t\t\t\t<div class=\"elementor-post__excerpt\">\n\t\t\t<p>En el marco del D\u00e9cimo Quinto Aniversario de la Universidad Militar Bolivariana de Venezuela (UMBV), se realiz\u00f3 la jornada especial de la Gran Misi\u00f3n Negro<\/p>\n\t\t<\/div>\n\t\t\t\t\t<a class=\"elementor-post__read-more\" href=\"http:\/\/www.umbv.edu.ve\/?p=3606\" >\n\t\t\t\tRead More \u00bb\t\t\t<\/a>\n\t\t\t\t<\/div>\n\t\t\t\t<div class=\"elementor-post__meta-data\">\n\t\t\t\t\t<span class=\"elementor-post-date\">\n\t\t\tseptiembre 16, 2025\t\t<\/span>\n\t\t\t\t<span class=\"elementor-post-avatar\">\n\t\t\tNo hay comentarios\t\t<\/span>\n\t\t\t\t<\/div>\n\t\t\t\t\t<\/div>\n\t\t<\/article>\n\t\t\t\t<\/div>\n\n\n\t\t\n\t\t\t\t<\/div>\n\t\t\t\t<\/div>\n\t\t\t\t\t<\/div>\n\t\t\t\t<\/div>\n\t\t\t\t\t\t\t<\/div>\n\t\t","protected":false},"excerpt":{"rendered":"","protected":false},"author":6,"featured_media":0,"parent":0,"menu_order":0,"comment_status":"closed","ping_status":"closed","template":"","meta":{"site-sidebar-layout":"no-sidebar","site-content-layout":"","ast-site-content-layout":"full-width-container","site-content-style":"default","site-sidebar-style":"default","ast-global-header-display":"","ast-banner-title-visibility":"","ast-main-header-display":"","ast-hfb-above-header-display":"","ast-hfb-below-header-display":"","ast-hfb-mobile-header-display":"","site-post-title":"disabled","ast-breadcrumbs-content":"","ast-featured-img":"disabled","footer-sml-layout":"","theme-transparent-header-meta":"","adv-header-id-meta":"","stick-header-meta":"","header-above-stick-meta":"","header-main-stick-meta":"","header-below-stick-meta":"","astra-migrate-meta-layouts":"","ast-page-background-enabled":"default","ast-page-background-meta":{"desktop":{"background-color":"var(--ast-global-color-4)","background-image":"","background-repeat":"repeat","background-position":"center center","background-size":"auto","background-attachment":"scroll","background-type":"","background-media":"","overlay-type":"","overlay-color":"","overlay-gradient":""},"tablet":{"background-color":"","background-image":"","background-repeat":"repeat","background-position":"center center","background-size":"auto","background-attachment":"scroll","background-type":"","background-media":"","overlay-type":"","overlay-color":"","overlay-gradient":""},"mobile":{"background-color":"","background-image":"","background-repeat":"repeat","background-position":"center center","background-size":"auto","background-attachment":"scroll","background-type":"","background-media":"","overlay-type":"","overlay-color":"","overlay-gradient":""}},"ast-content-background-meta":{"desktop":{"background-color":"var(--ast-global-color-5)","background-image":"","background-repeat":"repeat","background-position":"center center","background-size":"auto","background-attachment":"scroll","background-type":"","background-media":"","overlay-type":"","overlay-color":"","overlay-gradient":""},"tablet":{"background-color":"var(--ast-global-color-5)","background-image":"","background-repeat":"repeat","background-position":"center center","background-size":"auto","background-attachment":"scroll","background-type":"","background-media":"","overlay-type":"","overlay-color":"","overlay-gradient":""},"mobile":{"background-color":"var(--ast-global-color-5)","background-image":"","background-repeat":"repeat","background-position":"center center","background-size":"auto","background-attachment":"scroll","background-type":"","background-media":"","overlay-type":"","overlay-color":"","overlay-gradient":""}},"footnotes":""},"_links":{"self":[{"href":"http:\/\/www.umbv.edu.ve\/index.php?rest_route=\/wp\/v2\/pages\/812"}],"collection":[{"href":"http:\/\/www.umbv.edu.ve\/index.php?rest_route=\/wp\/v2\/pages"}],"about":[{"href":"http:\/\/www.umbv.edu.ve\/index.php?rest_route=\/wp\/v2\/types\/page"}],"author":[{"embeddable":true,"href":"http:\/\/www.umbv.edu.ve\/index.php?rest_route=\/wp\/v2\/users\/6"}],"replies":[{"embeddable":true,"href":"http:\/\/www.umbv.edu.ve\/index.php?rest_route=%2Fwp%2Fv2%2Fcomments&post=812"}],"version-history":[{"count":4,"href":"http:\/\/www.umbv.edu.ve\/index.php?rest_route=\/wp\/v2\/pages\/812\/revisions"}],"predecessor-version":[{"id":1967,"href":"http:\/\/www.umbv.edu.ve\/index.php?rest_route=\/wp\/v2\/pages\/812\/revisions\/1967"}],"wp:attachment":[{"href":"http:\/\/www.umbv.edu.ve\/index.php?rest_route=%2Fwp%2Fv2%2Fmedia&parent=812"}],"curies":[{"name":"wp","href":"https:\/\/api.w.org\/{rel}","templated":true}]}}